{"id":455,"date":"2015-11-17T06:59:03","date_gmt":"2015-11-17T06:59:03","guid":{"rendered":"http:\/\/logistics.stylemixthemes.com\/demo\/?page_id=455"},"modified":"2026-04-05T04:42:13","modified_gmt":"2026-04-05T04:42:13","slug":"incoterms","status":"publish","type":"page","link":"https:\/\/deltaglobal.ae\/tr_TR\/incoterms\/","title":{"rendered":"Incoterms"},"content":{"rendered":"<div class=\"wpb-content-wrapper\"><div class=\"vc_row wpb_row vc_row-fluid\"><div class=\"wpb_column vc_column_container vc_col-sm-3 vc_hidden-sm vc_hidden-xs\"><div class=\"vc_column-inner\"><div class=\"wpb_wrapper\">\n<div class=\"stm_sidebar\">\n\t<style type=\"text\/css\" scoped>\n\t\t.vc_custom_1449210359338{margin-bottom: 50px !important;}\t<\/style>\n\t<div class=\"wpb-content-wrapper\"><div class=\"vc_row wpb_row vc_row-fluid\"><div class=\"wpb_column vc_column_container vc_col-sm-12\"><div class=\"vc_column-inner\"><div class=\"wpb_wrapper\"><div class=\"vc_wp_search wpb_content_element\"><aside class=\"widget widget_search\"><form method=\"get\" class=\"search-form\" action=\"https:\/\/deltaglobal.ae\/tr_TR\/\">\n\t<input type=\"search\" class=\"form-control\" placeholder=\"Search...\" value=\"\" name=\"s\"\/>\n\t<button type=\"submit\"><i class=\"stm-search\"><\/i><\/button>\n<\/form><\/aside><\/div><div class=\"vc_wp_categories wpb_content_element\"><aside class=\"widget widget_categories\"><h4 class=\"widget_title\">Kategoriler<\/h4>\n\t\t\t<ul>\n\t\t\t\t\t<li class=\"cat-item cat-item-3\"><a href=\"https:\/\/deltaglobal.ae\/tr_TR\/category\/contract-logistics\/\">Contract Logistics<\/a>\n<\/li>\n\t<li class=\"cat-item cat-item-4\"><a href=\"https:\/\/deltaglobal.ae\/tr_TR\/category\/ground-freight\/\">Ground Freight<\/a>\n<\/li>\n\t<li class=\"cat-item cat-item-5\"><a href=\"https:\/\/deltaglobal.ae\/tr_TR\/category\/ocean-freight\/\">Ocean Freight<\/a>\n<\/li>\n\t<li class=\"cat-item cat-item-45\"><a href=\"https:\/\/deltaglobal.ae\/tr_TR\/category\/supply-chain-solutions\/our-network\/\">Our Network<\/a>\n<\/li>\n\t\t\t<\/ul>\n\n\t\t\t<\/aside><\/div><div class=\"vc_btn3-container vc_btn3-left vc_do_btn\" ><a class=\"vc_general vc_btn3 vc_btn3-size-md vc_btn3-shape-round vc_btn3-style-outline vc_btn3-block vc_btn3-icon-left vc_btn3-color-theme_style_1\" href=\"\/wp-content\/uploads\/2015\/12\/2016-nissan-altima-en.pdf\" title=\"\"><i class=\"vc_btn3-icon stm-download\"><\/i> Download PDF<\/a><\/div><div class=\"vc_btn3-container vc_btn3-left vc_custom_1449210359338 vc_do_btn\" ><a class=\"vc_general vc_btn3 vc_btn3-size-md vc_btn3-shape-round vc_btn3-style-outline vc_btn3-block vc_btn3-icon-left vc_btn3-color-theme_style_1\" href=\"\/contacts\/\" title=\"\"><i class=\"vc_btn3-icon stm-skype\"><\/i> Ask Our Experts<\/a><\/div><div class=\"wpb_gallery wpb_content_element vc_clearfix wpb_content_element\" ><div class=\"wpb_wrapper\"><h4 class=\"wpb_heading wpb_gallery_heading\">Our Gallery<\/h4><div class=\"wpb_gallery_slides wpb_image_grid\" data-interval=\"3\"><ul class=\"wpb_image_grid_ul\"><li class=\"isotope-item\"><a class=\"\" href=\"https:\/\/deltaglobal.ae\/wp-content\/uploads\/2015\/11\/Road-Freight.jpg\" data-lightbox=\"lightbox[rel-455-2561541993]\"><img decoding=\"async\" class=\"\" src=\"https:\/\/deltaglobal.ae\/wp-content\/uploads\/2015\/11\/Road-Freight-77x77.jpg\" width=\"77\" height=\"77\" alt=\"Road Freight\" title=\"Road Freight\" loading=\"lazy\" \/><\/a><\/li><li class=\"isotope-item\"><a class=\"\" href=\"https:\/\/deltaglobal.ae\/wp-content\/uploads\/2015\/11\/Sea-Freight.jpg\" data-lightbox=\"lightbox[rel-455-2561541993]\"><img decoding=\"async\" class=\"\" src=\"https:\/\/deltaglobal.ae\/wp-content\/uploads\/2015\/11\/Sea-Freight-77x77.jpg\" width=\"77\" height=\"77\" alt=\"Sea Freight\" title=\"Sea Freight\" loading=\"lazy\" \/><\/a><\/li><li class=\"isotope-item\"><a class=\"\" href=\"https:\/\/deltaglobal.ae\/wp-content\/uploads\/2015\/11\/Multimodal-Transport.jpg\" data-lightbox=\"lightbox[rel-455-2561541993]\"><img decoding=\"async\" class=\"\" src=\"https:\/\/deltaglobal.ae\/wp-content\/uploads\/2015\/11\/Multimodal-Transport-77x77.jpg\" width=\"77\" height=\"77\" alt=\"Multimodal Transport\" title=\"Multimodal Transport\" loading=\"lazy\" \/><\/a><\/li><li class=\"isotope-item\"><a class=\"\" href=\"https:\/\/deltaglobal.ae\/wp-content\/uploads\/2015\/11\/Freight-Forwarding.jpg\" data-lightbox=\"lightbox[rel-455-2561541993]\"><img decoding=\"async\" class=\"\" src=\"https:\/\/deltaglobal.ae\/wp-content\/uploads\/2015\/11\/Freight-Forwarding-77x77.jpg\" width=\"77\" height=\"77\" alt=\"Freight Forwarding\" title=\"Freight Forwarding\" loading=\"lazy\" \/><\/a><\/li><li class=\"isotope-item\"><a class=\"\" href=\"https:\/\/deltaglobal.ae\/wp-content\/uploads\/2015\/11\/Packaging-and-Storage.jpg\" data-lightbox=\"lightbox[rel-455-2561541993]\"><img decoding=\"async\" class=\"\" src=\"https:\/\/deltaglobal.ae\/wp-content\/uploads\/2015\/11\/Packaging-and-Storage-77x77.jpg\" width=\"77\" height=\"77\" alt=\"Packaging and Storage\" title=\"Packaging and Storage\" loading=\"lazy\" \/><\/a><\/li><li class=\"isotope-item\"><a class=\"\" href=\"https:\/\/deltaglobal.ae\/wp-content\/uploads\/2015\/11\/Air-Freight.jpg\" data-lightbox=\"lightbox[rel-455-2561541993]\"><img decoding=\"async\" class=\"\" src=\"https:\/\/deltaglobal.ae\/wp-content\/uploads\/2015\/11\/Air-Freight-77x77.jpg\" width=\"77\" height=\"77\" alt=\"Air Freight\" title=\"Air Freight\" loading=\"lazy\" \/><\/a><\/li><\/ul><\/div><\/div><\/div><div class=\"vc_wp_posts wpb_content_element\">\t\t\t<aside class=\"widget stm_widget_recent_entries\">\t\t\t<h4 class=\"widget_title\">Recent Posts<\/h4>\t\t\t<ul>\n\t\t\t\t\t\t\t\t\t<li>\n\t\t\t\t\t\t\t\t\t\t\t\t<div class=\"post_info\">\n\t\t\t\t\t\t\t\t\t\t\t\t\t\t\t<span class=\"post-date\">Nisan 14, 2026<\/span>\n\t\t\t\t\t\t\t\t\t\t\t\t\t\t<a href=\"https:\/\/deltaglobal.ae\/tr_TR\/shipping-dubai-to-usa\/\">Shipping from Dubai to USA: FCL Services to US Ports<\/a>\n\t\t\t\t\t\t<\/div>\n\t\t\t\t\t<\/li>\n\t\t\t\t\t\t\t\t\t<li>\n\t\t\t\t\t\t\t\t\t\t\t\t<div class=\"post_info\">\n\t\t\t\t\t\t\t\t\t\t\t\t\t\t\t<span class=\"post-date\">Nisan 9, 2026<\/span>\n\t\t\t\t\t\t\t\t\t\t\t\t\t\t<a href=\"https:\/\/deltaglobal.ae\/tr_TR\/shipping-dubai-to-germany\/\">Shipping from Dubai to Germany: FCL Services via Hamburg<\/a>\n\t\t\t\t\t\t<\/div>\n\t\t\t\t\t<\/li>\n\t\t\t\t\t\t\t\t\t<li>\n\t\t\t\t\t\t\t\t\t\t\t\t<div class=\"post_info\">\n\t\t\t\t\t\t\t\t\t\t\t\t\t\t\t<span class=\"post-date\">Nisan 7, 2026<\/span>\n\t\t\t\t\t\t\t\t\t\t\t\t\t\t<a href=\"https:\/\/deltaglobal.ae\/tr_TR\/freight-turkey-to-afghanistan\/\">Freight from Turkey to Afghanistan: FCL &#038; Land Services<\/a>\n\t\t\t\t\t\t<\/div>\n\t\t\t\t\t<\/li>\n\t\t\t\t\t\t\t<\/ul>\n\t\t\t<\/aside>\t\t\t<\/div><\/div><\/div><\/div><\/div>\n<\/div><\/div><\/div><\/div><\/div><div class=\"wpb_column vc_column_container vc_col-sm-12 vc_col-lg-9 vc_col-md-9\"><div class=\"vc_column-inner\"><div class=\"wpb_wrapper\">\n\t<div class=\"wpb_text_column wpb_content_element vc_custom_1447743973079\" >\n\t\t<div class=\"wpb_wrapper\">\n\t\t\t<h2>What are Incoterms?<\/h2>\n<p>INCOTERMS are a set of three-letter standard trade terms most commonly used in international contracts for the sale of goods. It is essential that you are aware of your terms of trade prior to shipment.<\/p>\n\n\t\t<\/div>\n\t<\/div>\n<div class=\"vc_row wpb_row vc_inner vc_row-fluid vc_custom_1449205358710\"><div class=\"wpb_column vc_column_container vc_col-sm-6\"><div class=\"vc_column-inner vc_custom_1449205271760\"><div class=\"wpb_wrapper\">\n\t<div class=\"wpb_text_column wpb_content_element vc_custom_1773400576884\" >\n\t\t<div class=\"wpb_wrapper\">\n\t\t\t<h5>EXW (EX Works)<\/h5>\n<p>represents the minimum obligation for the seller, who merely makes goods available at their premises (factory, warehouse, etc.) for collection. The buyer assumes all costs, risks, loading, and export procedures from that point. It is applicable to all transport modes, domestic or international.<span aria-hidden=\"true\" data-processed=\"true\">\u00a0<\/span><\/p>\n\n\t\t<\/div>\n\t<\/div>\n<\/div><\/div><\/div><div class=\"wpb_column vc_column_container vc_col-sm-6\"><div class=\"vc_column-inner vc_custom_1449205275416\"><div class=\"wpb_wrapper\">\n\t<div class=\"wpb_text_column wpb_content_element vc_custom_1773400860652\" >\n\t\t<div class=\"wpb_wrapper\">\n\t\t\t<h5>FCA (Free Carrier)<\/h5>\n<p>requires the seller to deliver goods, cleared for export, to a carrier named by the buyer at a specified place. Risk transfers upon delivery to the carrier. It is highly versatile, supporting all transport modes (multimodal) and is ideal for containerized cargo.<span aria-hidden=\"true\" data-processed=\"true\">\u00a0<\/span><\/p>\n\n\t\t<\/div>\n\t<\/div>\n<\/div><\/div><\/div><\/div><div class=\"vc_row wpb_row vc_inner vc_row-fluid vc_custom_1449205362814\"><div class=\"wpb_column vc_column_container vc_col-sm-6\"><div class=\"vc_column-inner vc_custom_1449205285360\"><div class=\"wpb_wrapper\">\n\t<div class=\"wpb_text_column wpb_content_element vc_custom_1773401002719\" >\n\t\t<div class=\"wpb_wrapper\">\n\t\t\t<h5>CPT (Carriage Paid To)<\/h5>\n<p>requires the seller to pay freight costs to a named destination, while risk transfers to the buyer upon delivery to the first carrier. It is multimodal (any mode of transport) and implies the seller clears export, but the buyer handles import formalities.<span aria-hidden=\"true\" data-processed=\"true\">\u00a0<\/span><\/p>\n\n\t\t<\/div>\n\t<\/div>\n<\/div><\/div><\/div><div class=\"wpb_column vc_column_container vc_col-sm-6\"><div class=\"vc_column-inner vc_custom_1449205289319\"><div class=\"wpb_wrapper\">\n\t<div class=\"wpb_text_column wpb_content_element vc_custom_1773401125901\" >\n\t\t<div class=\"wpb_wrapper\">\n\t\t\t<h5>CIP (Carriage and Insurance Paid To)<\/h5>\n<p>requires the seller to pay for transport and insurance to a named destination, while risk transfers when goods are handed to the first carrier. Suitable for any mode(s) of transport (multimodal), it requires &#8220;all-risk&#8221; insurance (Institute Cargo Clauses A) for at least 110% of contract value.<span aria-hidden=\"true\" data-processed=\"true\">\u00a0<\/span><\/p>\n\n\t\t<\/div>\n\t<\/div>\n<\/div><\/div><\/div><\/div><div class=\"vc_row wpb_row vc_inner vc_row-fluid vc_custom_1449205366726\"><div class=\"wpb_column vc_column_container vc_col-sm-6\"><div class=\"vc_column-inner vc_custom_1449205299487\"><div class=\"wpb_wrapper\">\n\t<div class=\"wpb_text_column wpb_content_element vc_custom_1773401226569\" >\n\t\t<div class=\"wpb_wrapper\">\n\t\t\t<h5>DAT (Delivered at Terminal)<\/h5>\n<p>mandates that the seller delivers goods and transfers risk to the buyer once unloaded from the arriving vehicle at a named terminal, port, or place of destination. The seller handles all transport, export clearance, and unloading risks. This rule applies to any transport mode.\u00a0<span aria-hidden=\"true\" data-processed=\"true\">\u00a0<\/span><\/p>\n\n\t\t<\/div>\n\t<\/div>\n<\/div><\/div><\/div><div class=\"wpb_column vc_column_container vc_col-sm-6\"><div class=\"vc_column-inner vc_custom_1449205304478\"><div class=\"wpb_wrapper\">\n\t<div class=\"wpb_text_column wpb_content_element vc_custom_1773401353641\" >\n\t\t<div class=\"wpb_wrapper\">\n\t\t\t<h5>DAP (Delivered at Place)<\/h5>\n<p>mandates that the seller delivers goods to a named destination, ready for unloading, bearing all risks and costs until that point, excluding import clearance. Suitable for any mode of transport, the buyer handles import duties, taxes, and unloading.\u00a0\u00a0<span aria-hidden=\"true\" data-processed=\"true\">\u00a0<\/span><\/p>\n\n\t\t<\/div>\n\t<\/div>\n<\/div><\/div><\/div><\/div><div class=\"vc_row wpb_row vc_inner vc_row-fluid vc_custom_1449205370636\"><div class=\"wpb_column vc_column_container vc_col-sm-6\"><div class=\"vc_column-inner vc_custom_1449205314631\"><div class=\"wpb_wrapper\">\n\t<div class=\"wpb_text_column wpb_content_element vc_custom_1773401448019\" >\n\t\t<div class=\"wpb_wrapper\">\n\t\t\t<h5>DDP (Delivered Duty Paid)<\/h5>\n<p>represents the maximum obligation for the seller, who assumes all costs and risks\u2014including export\/import clearance, duties, and taxes\u2014to deliver goods to a named destination. This rule applies to all transport modes, requiring the seller to deliver goods ready for unloading.\u00a0\u00a0<span aria-hidden=\"true\" data-processed=\"true\">\u00a0<\/span><\/p>\n\n\t\t<\/div>\n\t<\/div>\n<\/div><\/div><\/div><div class=\"wpb_column vc_column_container vc_col-sm-6\"><div class=\"vc_column-inner vc_custom_1449205320310\"><div class=\"wpb_wrapper\">\n\t<div class=\"wpb_text_column wpb_content_element vc_custom_1773401528534\" >\n\t\t<div class=\"wpb_wrapper\">\n\t\t\t<h5>FAS (Free Alongside Ship)<\/h5>\n<p>requires the seller to deliver goods alongside a buyer-nominated vessel at a named port of shipment. The seller clears the goods for export and bears all costs\/risks until the goods are placed at the quay or barge, after which risks transfer to the buyer.\u00a0\u00a0<span aria-hidden=\"true\" data-processed=\"true\">\u00a0<\/span><\/p>\n\n\t\t<\/div>\n\t<\/div>\n<\/div><\/div><\/div><\/div><div class=\"vc_row wpb_row vc_inner vc_row-fluid vc_custom_1449205379621\"><div class=\"wpb_column vc_column_container vc_col-sm-6\"><div class=\"vc_column-inner vc_custom_1449205334719\"><div class=\"wpb_wrapper\">\n\t<div class=\"wpb_text_column wpb_content_element vc_custom_1773401671285\" >\n\t\t<div class=\"wpb_wrapper\">\n\t\t\t<h5>FOB (Free on Board)<\/h5>\n<p>Incoterms\u00ae 2010 significantly changed Free on Board (FOB) by removing the traditional &#8220;ship&#8217;s rail&#8221; concept. Risk now transfers when goods are safely &#8220;on board&#8221; the vessel, not when they pass the rail, eliminating mid-air risk confusion and clarifying delivery for containerized, non-containerized, or bulk cargo.\u00a0\u00a0<span aria-hidden=\"true\" data-processed=\"true\">\u00a0<\/span><\/p>\n\n\t\t<\/div>\n\t<\/div>\n<\/div><\/div><\/div><div class=\"wpb_column vc_column_container vc_col-sm-6\"><div class=\"vc_column-inner vc_custom_1449205338110\"><div class=\"wpb_wrapper\">\n\t<div class=\"wpb_text_column wpb_content_element vc_custom_1773401761411\" >\n\t\t<div class=\"wpb_wrapper\">\n\t\t\t<h5>CFR (Cost and Freight)<\/h5>\n<p>requires the seller to clear goods for export, load them onto the vessel, and pay freight costs to transport them to the named port of destination. Risk transfers from seller to buyer once the goods are on board the ship at origin, not upon arrival.\u00a0\u00a0\u00a0<span aria-hidden=\"true\" data-processed=\"true\">\u00a0<\/span><\/p>\n\n\t\t<\/div>\n\t<\/div>\n<\/div><\/div><\/div><\/div><div class=\"vc_row wpb_row vc_inner vc_row-fluid vc_custom_1447744004634\"><div class=\"wpb_column vc_column_container vc_col-sm-6\"><div class=\"vc_column-inner\"><div class=\"wpb_wrapper\">\n\t<div class=\"wpb_text_column wpb_content_element vc_custom_1773401858692\" >\n\t\t<div class=\"wpb_wrapper\">\n\t\t\t<h5>CIF (Cost, Insurance and Freight)<\/h5>\n<p>requires the seller to deliver goods on board the vessel, pay for carriage, and provide minimum insurance to the named port of destination. Risk transfers to the buyer once loaded, though the seller pays transport costs.\u00a0CIF applies only to sea\/inland waterway transport.\u00a0\u00a0\u00a0<span aria-hidden=\"true\" data-processed=\"true\">\u00a0<\/span><\/p>\n\n\t\t<\/div>\n\t<\/div>\n<\/div><\/div><\/div><div class=\"wpb_column vc_column_container vc_col-sm-6\"><div class=\"vc_column-inner\"><div class=\"wpb_wrapper\"><\/div><\/div><\/div><\/div><\/div><\/div><\/div><\/div>\n<\/div>","protected":false},"excerpt":{"rendered":"Co\u011frafi yak\u0131nl\u0131k ve Afgan pazarlar\u0131nda T\u00fcrk mallar\u0131na y\u00f6nelik g\u00fc\u00e7l\u00fc talep g\u00f6z \u00f6n\u00fcne al\u0131nd\u0131\u011f\u0131nda, T\u00fcrkiye'den Afganistan'a nakliye do\u011fal bir ticaret koridoru haline geliyor. Delta Global Cargo bu rota \u00fczerinde e\u015fsiz bir konuma sahip...","protected":false},"author":1,"featured_media":0,"parent":0,"menu_order":0,"comment_status":"closed","ping_status":"closed","template":"","meta":{"footnotes":""},"class_list":["post-455","page","type-page","status-publish","hentry"],"yoast_head":"<!-- This site is optimized with the Yoast SEO plugin v27.4 - https:\/\/yoast.com\/product\/yoast-seo-wordpress\/ -->\n<title>Incoterms Explained | International Shipping Terms | Delta Global Cargo<\/title>\n<meta name=\"description\" content=\"Understand Incoterms for international shipping. Learn EXW FOB CIF DAP and more with Delta Global Cargo your Dubai freight forwarding expert.\" \/>\n<meta name=\"robots\" content=\"index, follow, max-snippet:-1, max-image-preview:large, max-video-preview:-1\" \/>\n<link rel=\"canonical\" href=\"https:\/\/deltaglobal.ae\/tr_TR\/incoterms\/\" \/>\n<meta property=\"og:locale\" content=\"tr_TR\" \/>\n<meta property=\"og:type\" content=\"article\" \/>\n<meta property=\"og:title\" content=\"Incoterms Explained | International Shipping Terms | Delta Global Cargo\" \/>\n<meta property=\"og:description\" content=\"Understand Incoterms for international shipping. Learn EXW FOB CIF DAP and more with Delta Global Cargo your Dubai freight forwarding expert.\" \/>\n<meta property=\"og:url\" content=\"https:\/\/deltaglobal.ae\/tr_TR\/incoterms\/\" \/>\n<meta property=\"og:site_name\" content=\"Delta Global Cargo\" \/>\n<meta property=\"article:modified_time\" content=\"2026-04-05T04:42:13+00:00\" \/>\n<meta name=\"twitter:card\" content=\"summary_large_image\" \/>\n<meta name=\"twitter:label1\" content=\"Tahmini okuma s\u00fcresi\" \/>\n\t<meta name=\"twitter:data1\" content=\"7 dakika\" \/>\n<script type=\"application\/ld+json\" class=\"yoast-schema-graph\">{\"@context\":\"https:\\\/\\\/schema.org\",\"@graph\":[{\"@type\":\"WebPage\",\"@id\":\"https:\\\/\\\/deltaglobal.ae\\\/incoterms\\\/\",\"url\":\"https:\\\/\\\/deltaglobal.ae\\\/incoterms\\\/\",\"name\":\"Incoterms Explained | International Shipping Terms | Delta Global Cargo\",\"isPartOf\":{\"@id\":\"https:\\\/\\\/deltaglobal.ae\\\/#website\"},\"datePublished\":\"2015-11-17T06:59:03+00:00\",\"dateModified\":\"2026-04-05T04:42:13+00:00\",\"description\":\"Understand Incoterms for international shipping. Learn EXW FOB CIF DAP and more with Delta Global Cargo your Dubai freight forwarding expert.\",\"breadcrumb\":{\"@id\":\"https:\\\/\\\/deltaglobal.ae\\\/incoterms\\\/#breadcrumb\"},\"inLanguage\":\"tr\",\"potentialAction\":[{\"@type\":\"ReadAction\",\"target\":[\"https:\\\/\\\/deltaglobal.ae\\\/incoterms\\\/\"]}]},{\"@type\":\"BreadcrumbList\",\"@id\":\"https:\\\/\\\/deltaglobal.ae\\\/incoterms\\\/#breadcrumb\",\"itemListElement\":[{\"@type\":\"ListItem\",\"position\":1,\"name\":\"Home\",\"item\":\"https:\\\/\\\/deltaglobal.ae\\\/\"},{\"@type\":\"ListItem\",\"position\":2,\"name\":\"Incoterms\"}]},{\"@type\":\"WebSite\",\"@id\":\"https:\\\/\\\/deltaglobal.ae\\\/#website\",\"url\":\"https:\\\/\\\/deltaglobal.ae\\\/\",\"name\":\"DELTA GLOBAL CARGO L.L.C\",\"description\":\"Delta Global Cargo\",\"publisher\":{\"@id\":\"https:\\\/\\\/deltaglobal.ae\\\/#organization\"},\"potentialAction\":[{\"@type\":\"SearchAction\",\"target\":{\"@type\":\"EntryPoint\",\"urlTemplate\":\"https:\\\/\\\/deltaglobal.ae\\\/?s={search_term_string}\"},\"query-input\":{\"@type\":\"PropertyValueSpecification\",\"valueRequired\":true,\"valueName\":\"search_term_string\"}}],\"inLanguage\":\"tr\"},{\"@type\":\"Organization\",\"@id\":\"https:\\\/\\\/deltaglobal.ae\\\/#organization\",\"name\":\"Delta Global Cargo\",\"url\":\"https:\\\/\\\/deltaglobal.ae\\\/\",\"logo\":{\"@type\":\"ImageObject\",\"inLanguage\":\"tr\",\"@id\":\"https:\\\/\\\/deltaglobal.ae\\\/#\\\/schema\\\/logo\\\/image\\\/\",\"url\":\"https:\\\/\\\/deltaglobal.ae\\\/wp-content\\\/uploads\\\/2026\\\/03\\\/DGC-Logo-Done.png\",\"contentUrl\":\"https:\\\/\\\/deltaglobal.ae\\\/wp-content\\\/uploads\\\/2026\\\/03\\\/DGC-Logo-Done.png\",\"width\":1387,\"height\":1387,\"caption\":\"Delta Global Cargo\"},\"image\":{\"@id\":\"https:\\\/\\\/deltaglobal.ae\\\/#\\\/schema\\\/logo\\\/image\\\/\"}}]}<\/script>\n<!-- \/ Yoast SEO plugin. -->","yoast_head_json":{"title":"Incoterms Explained | International Shipping Terms | Delta Global Cargo","description":"Understand Incoterms for international shipping. Learn EXW FOB CIF DAP and more with Delta Global Cargo your Dubai freight forwarding expert.","robots":{"index":"index","follow":"follow","max-snippet":"max-snippet:-1","max-image-preview":"max-image-preview:large","max-video-preview":"max-video-preview:-1"},"canonical":"https:\/\/deltaglobal.ae\/tr_TR\/incoterms\/","og_locale":"tr_TR","og_type":"article","og_title":"Incoterms Explained | International Shipping Terms | Delta Global Cargo","og_description":"Understand Incoterms for international shipping. Learn EXW FOB CIF DAP and more with Delta Global Cargo your Dubai freight forwarding expert.","og_url":"https:\/\/deltaglobal.ae\/tr_TR\/incoterms\/","og_site_name":"Delta Global Cargo","article_modified_time":"2026-04-05T04:42:13+00:00","twitter_card":"summary_large_image","twitter_misc":{"Tahmini okuma s\u00fcresi":"7 dakika"},"schema":{"@context":"https:\/\/schema.org","@graph":[{"@type":"WebPage","@id":"https:\/\/deltaglobal.ae\/incoterms\/","url":"https:\/\/deltaglobal.ae\/incoterms\/","name":"Incoterms Explained | International Shipping Terms | Delta Global Cargo","isPartOf":{"@id":"https:\/\/deltaglobal.ae\/#website"},"datePublished":"2015-11-17T06:59:03+00:00","dateModified":"2026-04-05T04:42:13+00:00","description":"Understand Incoterms for international shipping. Learn EXW FOB CIF DAP and more with Delta Global Cargo your Dubai freight forwarding expert.","breadcrumb":{"@id":"https:\/\/deltaglobal.ae\/incoterms\/#breadcrumb"},"inLanguage":"tr","potentialAction":[{"@type":"ReadAction","target":["https:\/\/deltaglobal.ae\/incoterms\/"]}]},{"@type":"BreadcrumbList","@id":"https:\/\/deltaglobal.ae\/incoterms\/#breadcrumb","itemListElement":[{"@type":"ListItem","position":1,"name":"Home","item":"https:\/\/deltaglobal.ae\/"},{"@type":"ListItem","position":2,"name":"Incoterms"}]},{"@type":"WebSite","@id":"https:\/\/deltaglobal.ae\/#website","url":"https:\/\/deltaglobal.ae\/","name":"DELTA GLOBAL KARGO L.L.C","description":"Delta Global Kargo","publisher":{"@id":"https:\/\/deltaglobal.ae\/#organization"},"potentialAction":[{"@type":"SearchAction","target":{"@type":"EntryPoint","urlTemplate":"https:\/\/deltaglobal.ae\/?s={search_term_string}"},"query-input":{"@type":"PropertyValueSpecification","valueRequired":true,"valueName":"search_term_string"}}],"inLanguage":"tr"},{"@type":"Organization","@id":"https:\/\/deltaglobal.ae\/#organization","name":"Delta Global Kargo","url":"https:\/\/deltaglobal.ae\/","logo":{"@type":"ImageObject","inLanguage":"tr","@id":"https:\/\/deltaglobal.ae\/#\/schema\/logo\/image\/","url":"https:\/\/deltaglobal.ae\/wp-content\/uploads\/2026\/03\/DGC-Logo-Done.png","contentUrl":"https:\/\/deltaglobal.ae\/wp-content\/uploads\/2026\/03\/DGC-Logo-Done.png","width":1387,"height":1387,"caption":"Delta Global Cargo"},"image":{"@id":"https:\/\/deltaglobal.ae\/#\/schema\/logo\/image\/"}}]}},"_links":{"self":[{"href":"https:\/\/deltaglobal.ae\/tr_TR\/wp-json\/wp\/v2\/pages\/455","targetHints":{"allow":["GET"]}}],"collection":[{"href":"https:\/\/deltaglobal.ae\/tr_TR\/wp-json\/wp\/v2\/pages"}],"about":[{"href":"https:\/\/deltaglobal.ae\/tr_TR\/wp-json\/wp\/v2\/types\/page"}],"author":[{"embeddable":true,"href":"https:\/\/deltaglobal.ae\/tr_TR\/wp-json\/wp\/v2\/users\/1"}],"replies":[{"embeddable":true,"href":"https:\/\/deltaglobal.ae\/tr_TR\/wp-json\/wp\/v2\/comments?post=455"}],"version-history":[{"count":10,"href":"https:\/\/deltaglobal.ae\/tr_TR\/wp-json\/wp\/v2\/pages\/455\/revisions"}],"predecessor-version":[{"id":1843,"href":"https:\/\/deltaglobal.ae\/tr_TR\/wp-json\/wp\/v2\/pages\/455\/revisions\/1843"}],"wp:attachment":[{"href":"https:\/\/deltaglobal.ae\/tr_TR\/wp-json\/wp\/v2\/media?parent=455"}],"curies":[{"name":"wp","href":"https:\/\/api.w.org\/{rel}","templated":true}]}}