{"id":442,"date":"2015-11-17T05:09:58","date_gmt":"2015-11-17T05:09:58","guid":{"rendered":"http:\/\/logistics.stylemixthemes.com\/demo\/?page_id=442"},"modified":"2026-04-15T09:40:16","modified_gmt":"2026-04-15T09:40:16","slug":"contact-us","status":"publish","type":"page","link":"https:\/\/deltaglobal.ae\/tr_TR\/contact-us\/","title":{"rendered":"Bize Ula\u015f\u0131n"},"content":{"rendered":"<section class=\"dgc-contact-page\">\n<div class=\"dgc-container\">\n<div class=\"dgc-contact-hero\">\n<span class=\"dgc-badge\">Bize Ula\u015f\u0131n<\/span><\/p>\n<h1>\u0130leti\u015fime Ge\u00e7in<\/h1>\n<p>G\u00f6nderim teklifi, g\u00fcmr\u00fck tavsiyesi veya sadece bir sorunuz olsun, ekibimiz yard\u0131ma haz\u0131rd\u0131r.<\/p>\n<\/div>\n<div class=\"dgc-contact-grid\">\n<div class=\"dgc-offices-col\">\n<p><!-- Dubai HQ --><\/p>\n<div class=\"dgc-office-card dgc-office-hq\">\n<div class=\"dgc-office-badge\">Karargah<\/div>\n<h3>Dubai Merkez Ofisi<\/h3>\n<p class=\"dgc-office-company\">Delta Global Kargo LLC<\/p>\n<div class=\"dgc-office-details\">\n<p><strong>Adres:<\/strong> Al Maktoum Hastanesi Rd, Deira, Dubai, BAE<\/p>\n<p><strong>Telefon:<\/strong> +971 56 585 1062 | +971 4 271 7685<\/p>\n<p><strong>E-posta:<\/strong> info@deltaglobal.ae | morid@deltaglobal.ae<\/p>\n<p><strong>Temas etmek:<\/strong> Monir \/ Morid<\/p>\n<p><strong>Saat:<\/strong> Pzt-Cumartesi 9:00 \u2013 18:00<\/p>\n<\/div>\n<\/div>\n<p><!-- China --><\/p>\n<div class=\"dgc-office-card\">\n<h3>\u00c7in \u2013 Yiwu<\/h3>\n<p class=\"dgc-office-company\">T\u00fcr\u00fck Delta K\u00fcresel Uluslararas\u0131 Ta\u015f\u0131mac\u0131l\u0131k<\/p>\n<div class=\"dgc-office-details\">\n<p><strong>Temas etmek:<\/strong> Khouja<\/p>\n<p><strong>Telefon:<\/strong> +86 180 0666 6880<\/p>\n<p><strong>E-posta:<\/strong> khouja@deltaglobal.ae<\/p>\n<p><strong>Saat:<\/strong> Pzt-Cumartesi 9:00 \u2013 17:00<\/p>\n<\/div>\n<\/div>\n<p><!-- Germany --><\/p>\n<div class=\"dgc-office-card\">\n<h3>Almanya \u2013 Hamburg<\/h3>\n<p class=\"dgc-office-company\">Alman Nakliye Lojistik GmbH<\/p>\n<div class=\"dgc-office-details\">\n<p><strong>Temas etmek:<\/strong> Rafi<\/p>\n<p><strong>Telefon:<\/strong> +49 176 32257949<\/p>\n<p><strong>E-posta:<\/strong> service@german-shipping-logistic.com<\/p>\n<p><strong>Saat:<\/strong> Pzt-Cum 9:00 \u2013 17:00<\/p>\n<\/div>\n<\/div>\n<p><!-- Afghanistan --><\/p>\n<div class=\"dgc-office-card\">\n<h3>Afganistan - Kabil ve Herat<\/h3>\n<p class=\"dgc-office-company\">Delta Global Uluslararas\u0131 Ta\u015f\u0131mac\u0131l\u0131k<\/p>\n<div class=\"dgc-office-details\">\n<p><strong>Temas etmek:<\/strong> Essa<\/p>\n<p><strong>Telefon:<\/strong> +93 79 949 5989<\/p>\n<p><strong>E-posta:<\/strong> essa@deltaglobal.ae<\/p>\n<p><strong>Saat:<\/strong> Cmt-Per 8:30 \u2013 16:30<\/p>\n<\/div>\n<\/div>\n<p><!-- T\u00fcrkiye --><\/p>\n<div class=\"dgc-office-card\">\n<h3>T\u00fcrkiye \u2014 Bursa<\/h3>\n<p class=\"dgc-office-company\">Delta Global Kargo LLC<\/p>\n<div class=\"dgc-office-details\">\n<p><strong>Temas etmek:<\/strong> Ahmed<\/p>\n<p><strong>Telefon:<\/strong> +90 536 883 30 66<\/p>\n<p><strong>E-posta:<\/strong> elyas@deltaglobal.ae<\/p>\n<p><strong>Adres:<\/strong> Be\u015fevler Mh., Nil\u00fcfer \/ Bursa<\/p>\n<\/div>\n<\/div>\n<\/div>\n<div class=\"dgc-contact-form-col\">\n<div class=\"dgc-contact-form-card\">\n<h3>Bize Mesaj G\u00f6nderin<\/h3>\n<p class=\"dgc-form-subtitle\">2 saat i\u00e7inde cevap veriyoruz - Pazartesi'den Cumartesi'ye<\/p>\n<form class=\"dgc-contact-form\" id=\"dgc-contact-form\" action=\"\">\n<div class=\"dgc-form-group\">\n<label>Ad\u0131n\u0131z *<\/label><br \/>\n<input type=\"text\" name=\"name\" placeholder=\"Ad Soyad\" required>\n<\/div>\n<div class=\"dgc-form-group\">\n<label>Telefon \/ WhatsApp *<\/label><br \/>\n<input type=\"tel\" name=\"phone\" placeholder=\"+971 ...\" required>\n<\/div>\n<div class=\"dgc-form-group\">\n<label>Konu<\/label><br \/>\n<input type=\"text\" name=\"subject\" placeholder=\"\u00f6rne\u011fin Dubai i\u00e7in nakliye teklifi \u2192 Kabil\">\n<\/div>\n<div class=\"dgc-form-group\">\n<label>Mesaj<\/label><br \/>\n<textarea name=\"message\" rows=\"5\" placeholder=\"Bize g\u00f6nderinizden bahsedin...\"><\/textarea>\n<\/div>\n<p><button type=\"submit\" class=\"dgc-btn-primary dgc-btn-full\">Mesaj G\u00f6nder \u2192<\/button><br \/>\n<input type=\"hidden\" name=\"trp-form-language\" value=\"tr_TR\"\/><\/form>\n<p class=\"dgc-wa-link\">Veya bize WhatsApp: <a href=\"https:\/\/wa.me\/971565851062\">+971 56 585 1062<\/a><\/p>\n<\/div>\n<\/div>\n<\/div>\n<\/div>\n<\/section>","protected":false},"excerpt":{"rendered":"<p>Bize Ula\u015f\u0131n \u0130leti\u015fime Ge\u00e7in \u0130ster nakliye fiyat teklifi ister g\u00fcmr\u00fck tavsiyesine ihtiyac\u0131n\u0131z olsun, ister sadece bir sorunuz olsun, ekibimiz yard\u0131ma haz\u0131rd\u0131r. Merkez Dubai Merkez Ofis Delta Global Cargo L.L.C\u2026<\/p>","protected":false},"author":1,"featured_media":0,"parent":0,"menu_order":0,"comment_status":"closed","ping_status":"closed","template":"","meta":{"footnotes":""},"class_list":["post-442","page","type-page","status-publish","hentry"],"yoast_head":"<!-- This site is optimized with the Yoast SEO plugin v27.4 - https:\/\/yoast.com\/product\/yoast-seo-wordpress\/ -->\n<title>Contact Delta Global Cargo | Dubai Freight &amp; Logistics<\/title>\n<meta name=\"description\" content=\"Contact Delta Global Cargo in Deira Dubai. Call +971 56 585 1062 or email info@deltaglobal.ae for air freight, sea freight and logistics enquiries across UAE.\" \/>\n<meta name=\"robots\" content=\"index, follow, max-snippet:-1, max-image-preview:large, max-video-preview:-1\" \/>\n<link rel=\"canonical\" href=\"https:\/\/deltaglobal.ae\/tr_TR\/contact-us\/\" \/>\n<meta property=\"og:locale\" content=\"tr_TR\" \/>\n<meta property=\"og:type\" content=\"article\" \/>\n<meta property=\"og:title\" content=\"Contact Delta Global Cargo | Dubai Freight &amp; Logistics\" \/>\n<meta property=\"og:description\" content=\"Contact Delta Global Cargo in Deira Dubai. Call +971 56 585 1062 or email info@deltaglobal.ae for air freight, sea freight and logistics enquiries across UAE.\" \/>\n<meta property=\"og:url\" content=\"https:\/\/deltaglobal.ae\/tr_TR\/contact-us\/\" \/>\n<meta property=\"og:site_name\" content=\"Delta Global Cargo\" \/>\n<meta property=\"article:modified_time\" content=\"2026-04-15T09:40:16+00:00\" \/>\n<meta name=\"twitter:card\" content=\"summary_large_image\" \/>\n<meta name=\"twitter:label1\" content=\"Tahmini okuma s\u00fcresi\" \/>\n\t<meta name=\"twitter:data1\" content=\"1 dakika\" \/>\n<script type=\"application\/ld+json\" class=\"yoast-schema-graph\">{\"@context\":\"https:\\\/\\\/schema.org\",\"@graph\":[{\"@type\":\"WebPage\",\"@id\":\"https:\\\/\\\/deltaglobal.ae\\\/contact-us\\\/\",\"url\":\"https:\\\/\\\/deltaglobal.ae\\\/contact-us\\\/\",\"name\":\"Contact Delta Global Cargo | Dubai Freight & Logistics\",\"isPartOf\":{\"@id\":\"https:\\\/\\\/deltaglobal.ae\\\/#website\"},\"datePublished\":\"2015-11-17T05:09:58+00:00\",\"dateModified\":\"2026-04-15T09:40:16+00:00\",\"description\":\"Contact Delta Global Cargo in Deira Dubai. Call +971 56 585 1062 or email info@deltaglobal.ae for air freight, sea freight and logistics enquiries across UAE.\",\"breadcrumb\":{\"@id\":\"https:\\\/\\\/deltaglobal.ae\\\/contact-us\\\/#breadcrumb\"},\"inLanguage\":\"tr\",\"potentialAction\":[{\"@type\":\"ReadAction\",\"target\":[\"https:\\\/\\\/deltaglobal.ae\\\/contact-us\\\/\"]}]},{\"@type\":\"BreadcrumbList\",\"@id\":\"https:\\\/\\\/deltaglobal.ae\\\/contact-us\\\/#breadcrumb\",\"itemListElement\":[{\"@type\":\"ListItem\",\"position\":1,\"name\":\"Home\",\"item\":\"https:\\\/\\\/deltaglobal.ae\\\/\"},{\"@type\":\"ListItem\",\"position\":2,\"name\":\"Contact Us\"}]},{\"@type\":\"WebSite\",\"@id\":\"https:\\\/\\\/deltaglobal.ae\\\/#website\",\"url\":\"https:\\\/\\\/deltaglobal.ae\\\/\",\"name\":\"DELTA GLOBAL CARGO L.L.C\",\"description\":\"Delta Global Cargo\",\"publisher\":{\"@id\":\"https:\\\/\\\/deltaglobal.ae\\\/#organization\"},\"potentialAction\":[{\"@type\":\"SearchAction\",\"target\":{\"@type\":\"EntryPoint\",\"urlTemplate\":\"https:\\\/\\\/deltaglobal.ae\\\/?s={search_term_string}\"},\"query-input\":{\"@type\":\"PropertyValueSpecification\",\"valueRequired\":true,\"valueName\":\"search_term_string\"}}],\"inLanguage\":\"tr\"},{\"@type\":\"Organization\",\"@id\":\"https:\\\/\\\/deltaglobal.ae\\\/#organization\",\"name\":\"Delta Global Cargo\",\"url\":\"https:\\\/\\\/deltaglobal.ae\\\/\",\"logo\":{\"@type\":\"ImageObject\",\"inLanguage\":\"tr\",\"@id\":\"https:\\\/\\\/deltaglobal.ae\\\/#\\\/schema\\\/logo\\\/image\\\/\",\"url\":\"https:\\\/\\\/deltaglobal.ae\\\/wp-content\\\/uploads\\\/2026\\\/03\\\/DGC-Logo-Done.png\",\"contentUrl\":\"https:\\\/\\\/deltaglobal.ae\\\/wp-content\\\/uploads\\\/2026\\\/03\\\/DGC-Logo-Done.png\",\"width\":1387,\"height\":1387,\"caption\":\"Delta Global Cargo\"},\"image\":{\"@id\":\"https:\\\/\\\/deltaglobal.ae\\\/#\\\/schema\\\/logo\\\/image\\\/\"}}]}<\/script>\n<!-- \/ Yoast SEO plugin. -->","yoast_head_json":{"title":"Delta Global Kargo ile \u0130leti\u015fime Ge\u00e7in | Dubai Nakliye ve Lojistik","description":"Deira Dubai'deki Delta Global Cargo ile ileti\u015fime ge\u00e7in. BAE genelinde hava ta\u015f\u0131mac\u0131l\u0131\u011f\u0131, deniz ta\u015f\u0131mac\u0131l\u0131\u011f\u0131 ve lojistik ile ilgili sorular\u0131n\u0131z i\u00e7in +971 56 585 1062 numaral\u0131 telefonu aray\u0131n veya info@deltaglobal.ae adresine e-posta g\u00f6nderin.","robots":{"index":"index","follow":"follow","max-snippet":"max-snippet:-1","max-image-preview":"max-image-preview:large","max-video-preview":"max-video-preview:-1"},"canonical":"https:\/\/deltaglobal.ae\/tr_TR\/contact-us\/","og_locale":"tr_TR","og_type":"article","og_title":"Contact Delta Global Cargo | Dubai Freight & Logistics","og_description":"Contact Delta Global Cargo in Deira Dubai. Call +971 56 585 1062 or email info@deltaglobal.ae for air freight, sea freight and logistics enquiries across UAE.","og_url":"https:\/\/deltaglobal.ae\/tr_TR\/contact-us\/","og_site_name":"Delta Global Cargo","article_modified_time":"2026-04-15T09:40:16+00:00","twitter_card":"summary_large_image","twitter_misc":{"Tahmini okuma s\u00fcresi":"1 dakika"},"schema":{"@context":"https:\/\/schema.org","@graph":[{"@type":"WebPage","@id":"https:\/\/deltaglobal.ae\/contact-us\/","url":"https:\/\/deltaglobal.ae\/contact-us\/","name":"Delta Global Kargo ile \u0130leti\u015fime Ge\u00e7in | Dubai Nakliye ve Lojistik","isPartOf":{"@id":"https:\/\/deltaglobal.ae\/#website"},"datePublished":"2015-11-17T05:09:58+00:00","dateModified":"2026-04-15T09:40:16+00:00","description":"Deira Dubai'deki Delta Global Cargo ile ileti\u015fime ge\u00e7in. BAE genelinde hava ta\u015f\u0131mac\u0131l\u0131\u011f\u0131, deniz ta\u015f\u0131mac\u0131l\u0131\u011f\u0131 ve lojistik ile ilgili sorular\u0131n\u0131z i\u00e7in +971 56 585 1062 numaral\u0131 telefonu aray\u0131n veya info@deltaglobal.ae adresine e-posta g\u00f6nderin.","breadcrumb":{"@id":"https:\/\/deltaglobal.ae\/contact-us\/#breadcrumb"},"inLanguage":"tr","potentialAction":[{"@type":"ReadAction","target":["https:\/\/deltaglobal.ae\/contact-us\/"]}]},{"@type":"BreadcrumbList","@id":"https:\/\/deltaglobal.ae\/contact-us\/#breadcrumb","itemListElement":[{"@type":"ListItem","position":1,"name":"Home","item":"https:\/\/deltaglobal.ae\/"},{"@type":"ListItem","position":2,"name":"Contact Us"}]},{"@type":"WebSite","@id":"https:\/\/deltaglobal.ae\/#website","url":"https:\/\/deltaglobal.ae\/","name":"DELTA GLOBAL KARGO L.L.C","description":"Delta Global Kargo","publisher":{"@id":"https:\/\/deltaglobal.ae\/#organization"},"potentialAction":[{"@type":"SearchAction","target":{"@type":"EntryPoint","urlTemplate":"https:\/\/deltaglobal.ae\/?s={search_term_string}"},"query-input":{"@type":"PropertyValueSpecification","valueRequired":true,"valueName":"search_term_string"}}],"inLanguage":"tr"},{"@type":"Organization","@id":"https:\/\/deltaglobal.ae\/#organization","name":"Delta Global Kargo","url":"https:\/\/deltaglobal.ae\/","logo":{"@type":"ImageObject","inLanguage":"tr","@id":"https:\/\/deltaglobal.ae\/#\/schema\/logo\/image\/","url":"https:\/\/deltaglobal.ae\/wp-content\/uploads\/2026\/03\/DGC-Logo-Done.png","contentUrl":"https:\/\/deltaglobal.ae\/wp-content\/uploads\/2026\/03\/DGC-Logo-Done.png","width":1387,"height":1387,"caption":"Delta Global Cargo"},"image":{"@id":"https:\/\/deltaglobal.ae\/#\/schema\/logo\/image\/"}}]}},"_links":{"self":[{"href":"https:\/\/deltaglobal.ae\/tr_TR\/wp-json\/wp\/v2\/pages\/442","targetHints":{"allow":["GET"]}}],"collection":[{"href":"https:\/\/deltaglobal.ae\/tr_TR\/wp-json\/wp\/v2\/pages"}],"about":[{"href":"https:\/\/deltaglobal.ae\/tr_TR\/wp-json\/wp\/v2\/types\/page"}],"author":[{"embeddable":true,"href":"https:\/\/deltaglobal.ae\/tr_TR\/wp-json\/wp\/v2\/users\/1"}],"replies":[{"embeddable":true,"href":"https:\/\/deltaglobal.ae\/tr_TR\/wp-json\/wp\/v2\/comments?post=442"}],"version-history":[{"count":40,"href":"https:\/\/deltaglobal.ae\/tr_TR\/wp-json\/wp\/v2\/pages\/442\/revisions"}],"predecessor-version":[{"id":2520,"href":"https:\/\/deltaglobal.ae\/tr_TR\/wp-json\/wp\/v2\/pages\/442\/revisions\/2520"}],"wp:attachment":[{"href":"https:\/\/deltaglobal.ae\/tr_TR\/wp-json\/wp\/v2\/media?parent=442"}],"curies":[{"name":"wp","href":"https:\/\/api.w.org\/{rel}","templated":true}]}}